{"id":1132,"date":"2022-07-13T17:02:07","date_gmt":"2022-07-13T15:02:07","guid":{"rendered":"https:\/\/canpasserells.com\/politica-de-proteccion-de-datos\/"},"modified":"2024-07-16T09:29:57","modified_gmt":"2024-07-16T07:29:57","slug":"politica-de-proteccion-de-datos","status":"publish","type":"page","link":"https:\/\/canpasserells.com\/es\/politica-de-proteccion-de-datos\/","title":{"rendered":"Pol\u00edtica de Protecci\u00f3n de Datos"},"content":{"rendered":"\t\t<div data-elementor-type=\"wp-page\" data-elementor-id=\"1132\" class=\"elementor elementor-1132 elementor-202\" data-elementor-post-type=\"page\">\n\t\t\t\t\t\t<section class=\"elementor-section elementor-top-section elementor-element elementor-element-8b69dc7 elementor-section-boxed elementor-section-height-default elementor-section-height-default\" data-id=\"8b69dc7\" data-element_type=\"section\" data-e-type=\"section\">\n\t\t\t\t\t\t<div class=\"elementor-container elementor-column-gap-default\">\n\t\t\t\t\t<div class=\"elementor-column elementor-col-100 elementor-top-column elementor-element elementor-element-48fca3b\" data-id=\"48fca3b\" data-element_type=\"column\" data-e-type=\"column\">\n\t\t\t<div class=\"elementor-widget-wrap elementor-element-populated\">\n\t\t\t\t\t\t<div class=\"elementor-element elementor-element-da85423 elementor-widget elementor-widget-heading\" data-id=\"da85423\" data-element_type=\"widget\" data-e-type=\"widget\" data-widget_type=\"heading.default\">\n\t\t\t\t<div class=\"elementor-widget-container\">\n\t\t\t\t\t<h2 class=\"elementor-heading-title elementor-size-default\">Pol\u00edtica de Protecci\u00f3n de Datos<\/h2>\t\t\t\t<\/div>\n\t\t\t\t<\/div>\n\t\t\t\t<div class=\"elementor-element elementor-element-954f700 elementor-widget-divider--view-line elementor-widget elementor-widget-divider\" data-id=\"954f700\" data-element_type=\"widget\" data-e-type=\"widget\" data-widget_type=\"divider.default\">\n\t\t\t\t<div class=\"elementor-widget-container\">\n\t\t\t\t\t\t\t<div class=\"elementor-divider\">\n\t\t\t<span class=\"elementor-divider-separator\">\n\t\t\t\t\t\t<\/span>\n\t\t<\/div>\n\t\t\t\t\t\t<\/div>\n\t\t\t\t<\/div>\n\t\t\t\t<div class=\"elementor-element elementor-element-604e805 elementor-widget elementor-widget-text-editor\" data-id=\"604e805\" data-element_type=\"widget\" data-e-type=\"widget\" data-widget_type=\"text-editor.default\">\n\t\t\t\t<div class=\"elementor-widget-container\">\n\t\t\t\t\t\t\t\t\t<p>Web propiedad de Can Passerells, alojamiento rural y casa de colonias, con domicilio en C\/ Mas Torre Novelles, 08571, Osona (Barcelona). El uso de este sitio web est\u00e1 sujeto a las siguientes condiciones de uso. Rogamos que se las lea atentamente. El hecho de acceder a este sitio web, al que se tiene acceso a trav\u00e9s de la p\u00e1gina web www.canpasserells.com, propiedad de Can Passerells, y utilizar los materiales contenidos en el mismo, implica que usted ha le\u00eddo y acepta, sin ninguna reserva, las siguientes condiciones.<\/p>\n<p>&lt;strong&gt;PROTECCI\u00d3N DE DATOS&lt;\/strong&gt;<\/p>\n<p>Conforme a lo que se prev\u00e9 en la Ley org\u00e1nica 15\/1999, el usuario de este sitio web queda informado, de manera expresa, de la incorporaci\u00f3n de sus datos a ficheros existentes en Can Passerells y consiente en que Can Passerells lleve a efecto el tratamiento de sus datos de car\u00e1cter personal que se expresen en las presentes condiciones o se deriven de \u00e9stas, con el fin de llevar a cabo su adecuado desarrollo, cumplimiento y control, hasta su total cancelaci\u00f3n. Asimismo, Can Passerells queda autorizada a utilizar tales datos para fines comerciales, siendo sus destinatarios los servicios comerciales y t\u00e9cnicos de Can Passerells y pueden enviar al usuario informaciones comerciales de sus descuentos y ofertas.<\/p>\n<p>El usuario tambi\u00e9n acepta que sus datos puedan ser cedidos a otras entidades del grupo Can Passerells, a sociedades participadas oa otras con las que Can Passerells suscriba acuerdos de colaboraci\u00f3n con fines comerciales con el fin de tener informado al usuario de los bienes o servicios que se comercialicen, aceptando el usuario la recepci\u00f3n de informaci\u00f3n por parte de \u00e9stas de bienes o servicios que comercialicen directa o indirectamente, en el momento presente o en el futuro.<\/p>\n<p>En cualquier caso, el usuario tendr\u00e1 derecho a solicitar y obtener informaci\u00f3n de sus datos de car\u00e1cter personal incluido en los ficheros automatizados y, en su caso, a rectificar y cancelar los datos, en la forma prevista en la citada ley . El departamento responsable del fichero ser\u00e1 el de Sistemas de Informaci\u00f3n de Can Passerells. Estos derechos podr\u00e1n ser ejercitados por el usuario o, en su caso, por quien lo represente, mediante solicitud escrita y firmada, dirigida a la siguiente direcci\u00f3n: C\/ Mas Torre Novelles, Osona, 08571, Barcelona, Espa\u00f1a. La solicitud deber\u00e1 contener los siguientes datos: nombre y apellidos del usuario, domicilio a efectos de notificaciones, fotocopia del Documento Nacional de Identidad o pasaporte, y contenido concreto del derecho ejercitado. Can Passerells, guardar\u00e1 los datos de car\u00e1cter personal que haya recabado, adoptando las medidas necesarias para evitar su alteraci\u00f3n, p\u00e9rdida, tratamiento o acceso no autorizados. Can Passerells cumplir\u00e1 estos deberes de acuerdo con lo que se establece por la normativa aplicable.<\/p>\n\t\t\t\t\t\t\t\t<\/div>\n\t\t\t\t<\/div>\n\t\t\t\t\t<\/div>\n\t\t<\/div>\n\t\t\t\t\t<\/div>\n\t\t<\/section>\n\t\t\t\t<\/div>\n\t\t","protected":false},"excerpt":{"rendered":"<p>Pol\u00edtica de Protecci\u00f3n de Datos Web propiedad de Can Passerells, alojamiento rural y casa de colonias, con domicilio en C\/ Mas Torre Novelles, 08571, Osona (Barcelona). El uso de este sitio web est\u00e1 sujeto a las siguientes condiciones de uso. Rogamos que se las lea atentamente. El hecho de acceder a este sitio web, al [&hellip;]<\/p>\n","protected":false},"author":1,"featured_media":0,"parent":0,"menu_order":0,"comment_status":"closed","ping_status":"closed","template":"elementor_header_footer","meta":{"_joinchat":[],"footnotes":""},"class_list":["post-1132","page","type-page","status-publish","hentry"],"yoast_head":"<!-- This site is optimized with the Yoast SEO Premium plugin v27.2 (Yoast SEO v27.3) - https:\/\/yoast.com\/product\/yoast-seo-premium-wordpress\/ -->\n<title>Pol\u00edtica de Protecci\u00f3n de Datos - Can Passerells<\/title>\n<meta name=\"robots\" content=\"noindex, follow\" \/>\n<meta property=\"og:locale\" content=\"es_ES\" \/>\n<meta property=\"og:type\" content=\"article\" \/>\n<meta property=\"og:title\" content=\"Pol\u00edtica de Protecci\u00f3n de Datos\" \/>\n<meta property=\"og:description\" content=\"Pol\u00edtica de Protecci\u00f3n de Datos Web propiedad de Can Passerells, alojamiento rural y casa de colonias, con domicilio en C\/ Mas Torre Novelles, 08571, Osona (Barcelona). El uso de este sitio web est\u00e1 sujeto a las siguientes condiciones de uso. Rogamos que se las lea atentamente. El hecho de acceder a este sitio web, al [&hellip;]\" \/>\n<meta property=\"og:url\" content=\"https:\/\/canpasserells.com\/politica-de-proteccio-de-dades\/\" \/>\n<meta property=\"og:site_name\" content=\"Can Passerells\" \/>\n<meta property=\"article:modified_time\" content=\"2024-07-16T07:29:57+00:00\" \/>\n<meta name=\"twitter:card\" content=\"summary_large_image\" \/>\n<meta name=\"twitter:label1\" content=\"Tiempo de lectura\" \/>\n\t<meta name=\"twitter:data1\" content=\"2 minutos\" \/>\n<script type=\"application\/ld+json\" class=\"yoast-schema-graph\">{\"@context\":\"https:\\\/\\\/schema.org\",\"@graph\":[{\"@type\":\"WebPage\",\"@id\":\"https:\\\/\\\/canpasserells.com\\\/politica-de-proteccio-de-dades\\\/\",\"url\":\"https:\\\/\\\/canpasserells.com\\\/politica-de-proteccio-de-dades\\\/\",\"name\":\"Pol\u00edtica de Protecci\u00f3n de Datos - Can Passerells\",\"isPartOf\":{\"@id\":\"https:\\\/\\\/canpasserells.com\\\/#website\"},\"datePublished\":\"2022-07-13T15:02:07+00:00\",\"dateModified\":\"2024-07-16T07:29:57+00:00\",\"breadcrumb\":{\"@id\":\"https:\\\/\\\/canpasserells.com\\\/politica-de-proteccio-de-dades\\\/#breadcrumb\"},\"inLanguage\":\"es\",\"potentialAction\":[{\"@type\":\"ReadAction\",\"target\":[\"https:\\\/\\\/canpasserells.com\\\/politica-de-proteccio-de-dades\\\/\"]}]},{\"@type\":\"BreadcrumbList\",\"@id\":\"https:\\\/\\\/canpasserells.com\\\/politica-de-proteccio-de-dades\\\/#breadcrumb\",\"itemListElement\":[{\"@type\":\"ListItem\",\"position\":1,\"name\":\"Home\",\"item\":\"https:\\\/\\\/canpasserells.com\\\/\"},{\"@type\":\"ListItem\",\"position\":2,\"name\":\"Pol\u00edtica de Protecci\u00f3n de Datos\"}]},{\"@type\":\"WebSite\",\"@id\":\"https:\\\/\\\/canpasserells.com\\\/#website\",\"url\":\"https:\\\/\\\/canpasserells.com\\\/\",\"name\":\"Can Passerells\",\"description\":\"\",\"publisher\":{\"@id\":\"https:\\\/\\\/canpasserells.com\\\/#organization\"},\"potentialAction\":[{\"@type\":\"SearchAction\",\"target\":{\"@type\":\"EntryPoint\",\"urlTemplate\":\"https:\\\/\\\/canpasserells.com\\\/?s={search_term_string}\"},\"query-input\":{\"@type\":\"PropertyValueSpecification\",\"valueRequired\":true,\"valueName\":\"search_term_string\"}}],\"inLanguage\":\"es\"},{\"@type\":\"Organization\",\"@id\":\"https:\\\/\\\/canpasserells.com\\\/#organization\",\"name\":\"Can Passerells\",\"url\":\"https:\\\/\\\/canpasserells.com\\\/\",\"logo\":{\"@type\":\"ImageObject\",\"inLanguage\":\"es\",\"@id\":\"https:\\\/\\\/canpasserells.com\\\/#\\\/schema\\\/logo\\\/image\\\/\",\"url\":\"https:\\\/\\\/canpasserells.com\\\/wp-content\\\/uploads\\\/2022\\\/07\\\/Can-Passerells.webp\",\"contentUrl\":\"https:\\\/\\\/canpasserells.com\\\/wp-content\\\/uploads\\\/2022\\\/07\\\/Can-Passerells.webp\",\"width\":300,\"height\":140,\"caption\":\"Can Passerells\"},\"image\":{\"@id\":\"https:\\\/\\\/canpasserells.com\\\/#\\\/schema\\\/logo\\\/image\\\/\"}}]}<\/script>\n<!-- \/ Yoast SEO Premium plugin. -->","yoast_head_json":{"title":"Pol\u00edtica de Protecci\u00f3n de Datos - Can Passerells","robots":{"index":"noindex","follow":"follow"},"og_locale":"es_ES","og_type":"article","og_title":"Pol\u00edtica de Protecci\u00f3n de Datos","og_description":"Pol\u00edtica de Protecci\u00f3n de Datos Web propiedad de Can Passerells, alojamiento rural y casa de colonias, con domicilio en C\/ Mas Torre Novelles, 08571, Osona (Barcelona). El uso de este sitio web est\u00e1 sujeto a las siguientes condiciones de uso. Rogamos que se las lea atentamente. El hecho de acceder a este sitio web, al [&hellip;]","og_url":"https:\/\/canpasserells.com\/politica-de-proteccio-de-dades\/","og_site_name":"Can Passerells","article_modified_time":"2024-07-16T07:29:57+00:00","twitter_card":"summary_large_image","twitter_misc":{"Tiempo de lectura":"2 minutos"},"schema":{"@context":"https:\/\/schema.org","@graph":[{"@type":"WebPage","@id":"https:\/\/canpasserells.com\/politica-de-proteccio-de-dades\/","url":"https:\/\/canpasserells.com\/politica-de-proteccio-de-dades\/","name":"Pol\u00edtica de Protecci\u00f3n de Datos - Can Passerells","isPartOf":{"@id":"https:\/\/canpasserells.com\/#website"},"datePublished":"2022-07-13T15:02:07+00:00","dateModified":"2024-07-16T07:29:57+00:00","breadcrumb":{"@id":"https:\/\/canpasserells.com\/politica-de-proteccio-de-dades\/#breadcrumb"},"inLanguage":"es","potentialAction":[{"@type":"ReadAction","target":["https:\/\/canpasserells.com\/politica-de-proteccio-de-dades\/"]}]},{"@type":"BreadcrumbList","@id":"https:\/\/canpasserells.com\/politica-de-proteccio-de-dades\/#breadcrumb","itemListElement":[{"@type":"ListItem","position":1,"name":"Home","item":"https:\/\/canpasserells.com\/"},{"@type":"ListItem","position":2,"name":"Pol\u00edtica de Protecci\u00f3n de Datos"}]},{"@type":"WebSite","@id":"https:\/\/canpasserells.com\/#website","url":"https:\/\/canpasserells.com\/","name":"Can Passerells","description":"","publisher":{"@id":"https:\/\/canpasserells.com\/#organization"},"potentialAction":[{"@type":"SearchAction","target":{"@type":"EntryPoint","urlTemplate":"https:\/\/canpasserells.com\/?s={search_term_string}"},"query-input":{"@type":"PropertyValueSpecification","valueRequired":true,"valueName":"search_term_string"}}],"inLanguage":"es"},{"@type":"Organization","@id":"https:\/\/canpasserells.com\/#organization","name":"Can Passerells","url":"https:\/\/canpasserells.com\/","logo":{"@type":"ImageObject","inLanguage":"es","@id":"https:\/\/canpasserells.com\/#\/schema\/logo\/image\/","url":"https:\/\/canpasserells.com\/wp-content\/uploads\/2022\/07\/Can-Passerells.webp","contentUrl":"https:\/\/canpasserells.com\/wp-content\/uploads\/2022\/07\/Can-Passerells.webp","width":300,"height":140,"caption":"Can Passerells"},"image":{"@id":"https:\/\/canpasserells.com\/#\/schema\/logo\/image\/"}}]}},"_links":{"self":[{"href":"https:\/\/canpasserells.com\/es\/wp-json\/wp\/v2\/pages\/1132","targetHints":{"allow":["GET"]}}],"collection":[{"href":"https:\/\/canpasserells.com\/es\/wp-json\/wp\/v2\/pages"}],"about":[{"href":"https:\/\/canpasserells.com\/es\/wp-json\/wp\/v2\/types\/page"}],"author":[{"embeddable":true,"href":"https:\/\/canpasserells.com\/es\/wp-json\/wp\/v2\/users\/1"}],"replies":[{"embeddable":true,"href":"https:\/\/canpasserells.com\/es\/wp-json\/wp\/v2\/comments?post=1132"}],"version-history":[{"count":0,"href":"https:\/\/canpasserells.com\/es\/wp-json\/wp\/v2\/pages\/1132\/revisions"}],"wp:attachment":[{"href":"https:\/\/canpasserells.com\/es\/wp-json\/wp\/v2\/media?parent=1132"}],"curies":[{"name":"wp","href":"https:\/\/api.w.org\/{rel}","templated":true}]}}