{"id":1134,"date":"2022-07-13T16:56:33","date_gmt":"2022-07-13T14:56:33","guid":{"rendered":"https:\/\/canpasserells.com\/politica-de-cookies\/"},"modified":"2024-07-16T09:28:35","modified_gmt":"2024-07-16T07:28:35","slug":"politica-de-cookies","status":"publish","type":"page","link":"https:\/\/canpasserells.com\/es\/politica-de-cookies\/","title":{"rendered":"Pol\u00edtica de Cookies"},"content":{"rendered":"\t\t<div data-elementor-type=\"wp-page\" data-elementor-id=\"1134\" class=\"elementor elementor-1134 elementor-193\" data-elementor-post-type=\"page\">\n\t\t\t\t\t\t<section class=\"elementor-section elementor-top-section elementor-element elementor-element-50cffdc elementor-section-boxed elementor-section-height-default elementor-section-height-default\" data-id=\"50cffdc\" data-element_type=\"section\" data-e-type=\"section\">\n\t\t\t\t\t\t<div class=\"elementor-container elementor-column-gap-default\">\n\t\t\t\t\t<div class=\"elementor-column elementor-col-100 elementor-top-column elementor-element elementor-element-b7d4f30\" data-id=\"b7d4f30\" data-element_type=\"column\" data-e-type=\"column\">\n\t\t\t<div class=\"elementor-widget-wrap elementor-element-populated\">\n\t\t\t\t\t\t<div class=\"elementor-element elementor-element-b91dd3a elementor-widget elementor-widget-heading\" data-id=\"b91dd3a\" data-element_type=\"widget\" data-e-type=\"widget\" data-widget_type=\"heading.default\">\n\t\t\t\t<div class=\"elementor-widget-container\">\n\t\t\t\t\t<h2 class=\"elementor-heading-title elementor-size-default\">Pol\u00edtica de Cookies<\/h2>\t\t\t\t<\/div>\n\t\t\t\t<\/div>\n\t\t\t\t<div class=\"elementor-element elementor-element-d0f8097 elementor-widget-divider--view-line elementor-widget elementor-widget-divider\" data-id=\"d0f8097\" data-element_type=\"widget\" data-e-type=\"widget\" data-widget_type=\"divider.default\">\n\t\t\t\t<div class=\"elementor-widget-container\">\n\t\t\t\t\t\t\t<div class=\"elementor-divider\">\n\t\t\t<span class=\"elementor-divider-separator\">\n\t\t\t\t\t\t<\/span>\n\t\t<\/div>\n\t\t\t\t\t\t<\/div>\n\t\t\t\t<\/div>\n\t\t\t\t<div class=\"elementor-element elementor-element-683243b elementor-widget elementor-widget-text-editor\" data-id=\"683243b\" data-element_type=\"widget\" data-e-type=\"widget\" data-widget_type=\"text-editor.default\">\n\t\t\t\t<div class=\"elementor-widget-container\">\n\t\t\t\t\t\t\t\t\t<p>Esta web utiliza cookies de terceros para analizar la navegaci\u00f3n del usuario. Con la mera navegaci\u00f3n (con el navegador habilitado para aceptar cookies), el usuario acepta la instalaci\u00f3n de cookies, salvo que se oponga, seg\u00fan se detalla en esta Pol\u00edtica de Cookies.<br \/>La presente pol\u00edtica tiene como a fin informarle de manera clara y concisa sobre las cookies que se usan en nuestro sitio web.<\/p>\n<p>\u00a0<\/p>\n<p><strong>\u00bfQU\u00c9 SON LAS COOKIES?<\/strong>< \/p><\/p>\n<p>Las cookies son archivos que se pueden descargar en su equipo a trav\u00e9s de las p\u00e1ginas web. Son herramientas que desempe\u00f1an un papel esencial para la prestaci\u00f3n de numerosos servicios de la sociedad de la informaci\u00f3n. Entre otras, permiten a una p\u00e1gina web almacenar y recuperar informaci\u00f3n sobre los h\u00e1bitos de navegaci\u00f3n de un usuario o equipo y, dependiendo de la informaci\u00f3n obtenida, para reconocer al usuario y mejorar el servicio ofrecido.<\/p>\n<p>\u00a0<\/p>\n<p><strong>COOKIES UTILIZADAS<\/strong><\/p>\n<p>Esta web utiliza cookies anal\u00edticas de terceros (Google Analytics \/ Facebook) para recaudar estad\u00edsticas sobre la actividad del usuario a visitar la p\u00e1gina y la actividad general de la misma.<br \/>La informaci\u00f3n recopilada es an\u00f3nima y permite optimizar la navegaci\u00f3n por nuestra web. Gracias a ello podemos estudiar la navegaci\u00f3n por el sitio web y mejorar as\u00ed la oferta de productos o servicios que ofrecemos.<\/p>\n<p><strong>CONFIGURACI\u00d3N DE COOKIES<\/strong><\/p>\n<p >En todo momento puede permitir, bloquear o eliminar las cookies instaladas en su equipo mediante la configuraci\u00f3n de las opciones de su navegador de Internet. Asimismo, el usuario puede activar:<br \/>1. La navegaci\u00f3n privada, mediante la cual su navegador deja de actuar en el historial de navegaci\u00f3n, contrase\u00f1as de sitios web, cookies y otra informaci\u00f3n de las dem\u00e1s p\u00e1ginas que visita.<br \/>2. La funci\u00f3n de no rastrear, por la que el navegador pide a los sitios web que visita que no rastreen sus h\u00e1bitos de navegaci\u00f3n, como por ejemplo, servirle publicidad de su inter\u00e9s en los sitios que visita.<br \/>A continuaci\u00f3n incluimos los v\u00ednculos para gestionar cookies en los navegadores m\u00e1s relevantes:<\/p>\n<p>Google Chrome: https:\/\/support.google.com\/chrome\/answer\/95647?hl=es<br \/>Mozilla Firefox: http: \/\/support.mozilla.org\/es\/kb\/habilitar-y-deshabilitar-cookies-que-los-sitios-we<br \/>Internet Explorer: http:\/\/windows.microsoft.com\/es-es\/windows- vista\/block-or-allow-cookies<br \/>Safari: http:\/\/support.apple.com\/kb\/ph5042<\/p>\n<p>*Tenga en cuenta que si rechaza la instalaci\u00f3n de cookies, podr\u00e1 seguir utilizando el sitio web, aunque el uso de algunos de sus servicios podr\u00e1 ser limitado.<\/p>\n\t\t\t\t\t\t\t\t<\/div>\n\t\t\t\t<\/div>\n\t\t\t\t\t<\/div>\n\t\t<\/div>\n\t\t\t\t\t<\/div>\n\t\t<\/section>\n\t\t\t\t<\/div>\n\t\t","protected":false},"excerpt":{"rendered":"<p>Pol\u00edtica de Cookies Esta web utiliza cookies de terceros para analizar la navegaci\u00f3n del usuario. Con la mera navegaci\u00f3n (con el navegador habilitado para aceptar cookies), el usuario acepta la instalaci\u00f3n de cookies, salvo que se oponga, seg\u00fan se detalla en esta Pol\u00edtica de Cookies.La presente pol\u00edtica tiene como a fin informarle de manera clara [&hellip;]<\/p>\n","protected":false},"author":1,"featured_media":0,"parent":0,"menu_order":0,"comment_status":"closed","ping_status":"closed","template":"elementor_header_footer","meta":{"_joinchat":[],"footnotes":""},"class_list":["post-1134","page","type-page","status-publish","hentry"],"yoast_head":"<!-- This site is optimized with the Yoast SEO Premium plugin v27.2 (Yoast SEO v27.3) - https:\/\/yoast.com\/product\/yoast-seo-premium-wordpress\/ -->\n<title>Pol\u00edtica de Cookies - Can Passerells<\/title>\n<meta name=\"robots\" content=\"noindex, follow\" \/>\n<meta property=\"og:locale\" content=\"es_ES\" \/>\n<meta property=\"og:type\" content=\"article\" \/>\n<meta property=\"og:title\" content=\"Pol\u00edtica de Cookies\" \/>\n<meta property=\"og:description\" content=\"Pol\u00edtica de Cookies Esta web utiliza cookies de terceros para analizar la navegaci\u00f3n del usuario. Con la mera navegaci\u00f3n (con el navegador habilitado para aceptar cookies), el usuario acepta la instalaci\u00f3n de cookies, salvo que se oponga, seg\u00fan se detalla en esta Pol\u00edtica de Cookies.La presente pol\u00edtica tiene como a fin informarle de manera clara [&hellip;]\" \/>\n<meta property=\"og:url\" content=\"https:\/\/canpasserells.com\/politica-de-cookies\/\" \/>\n<meta property=\"og:site_name\" content=\"Can Passerells\" \/>\n<meta property=\"article:modified_time\" content=\"2024-07-16T07:28:35+00:00\" \/>\n<meta name=\"twitter:card\" content=\"summary_large_image\" \/>\n<meta name=\"twitter:label1\" content=\"Tiempo de lectura\" \/>\n\t<meta name=\"twitter:data1\" content=\"2 minutos\" \/>\n<script type=\"application\/ld+json\" class=\"yoast-schema-graph\">{\"@context\":\"https:\\\/\\\/schema.org\",\"@graph\":[{\"@type\":\"WebPage\",\"@id\":\"https:\\\/\\\/canpasserells.com\\\/politica-de-cookies\\\/\",\"url\":\"https:\\\/\\\/canpasserells.com\\\/politica-de-cookies\\\/\",\"name\":\"Pol\u00edtica de Cookies - Can Passerells\",\"isPartOf\":{\"@id\":\"https:\\\/\\\/canpasserells.com\\\/#website\"},\"datePublished\":\"2022-07-13T14:56:33+00:00\",\"dateModified\":\"2024-07-16T07:28:35+00:00\",\"breadcrumb\":{\"@id\":\"https:\\\/\\\/canpasserells.com\\\/politica-de-cookies\\\/#breadcrumb\"},\"inLanguage\":\"es\",\"potentialAction\":[{\"@type\":\"ReadAction\",\"target\":[\"https:\\\/\\\/canpasserells.com\\\/politica-de-cookies\\\/\"]}]},{\"@type\":\"BreadcrumbList\",\"@id\":\"https:\\\/\\\/canpasserells.com\\\/politica-de-cookies\\\/#breadcrumb\",\"itemListElement\":[{\"@type\":\"ListItem\",\"position\":1,\"name\":\"Home\",\"item\":\"https:\\\/\\\/canpasserells.com\\\/\"},{\"@type\":\"ListItem\",\"position\":2,\"name\":\"Pol\u00edtica de Cookies\"}]},{\"@type\":\"WebSite\",\"@id\":\"https:\\\/\\\/canpasserells.com\\\/#website\",\"url\":\"https:\\\/\\\/canpasserells.com\\\/\",\"name\":\"Can Passerells\",\"description\":\"\",\"publisher\":{\"@id\":\"https:\\\/\\\/canpasserells.com\\\/#organization\"},\"potentialAction\":[{\"@type\":\"SearchAction\",\"target\":{\"@type\":\"EntryPoint\",\"urlTemplate\":\"https:\\\/\\\/canpasserells.com\\\/?s={search_term_string}\"},\"query-input\":{\"@type\":\"PropertyValueSpecification\",\"valueRequired\":true,\"valueName\":\"search_term_string\"}}],\"inLanguage\":\"es\"},{\"@type\":\"Organization\",\"@id\":\"https:\\\/\\\/canpasserells.com\\\/#organization\",\"name\":\"Can Passerells\",\"url\":\"https:\\\/\\\/canpasserells.com\\\/\",\"logo\":{\"@type\":\"ImageObject\",\"inLanguage\":\"es\",\"@id\":\"https:\\\/\\\/canpasserells.com\\\/#\\\/schema\\\/logo\\\/image\\\/\",\"url\":\"https:\\\/\\\/canpasserells.com\\\/wp-content\\\/uploads\\\/2022\\\/07\\\/Can-Passerells.webp\",\"contentUrl\":\"https:\\\/\\\/canpasserells.com\\\/wp-content\\\/uploads\\\/2022\\\/07\\\/Can-Passerells.webp\",\"width\":300,\"height\":140,\"caption\":\"Can Passerells\"},\"image\":{\"@id\":\"https:\\\/\\\/canpasserells.com\\\/#\\\/schema\\\/logo\\\/image\\\/\"}}]}<\/script>\n<!-- \/ Yoast SEO Premium plugin. -->","yoast_head_json":{"title":"Pol\u00edtica de Cookies - Can Passerells","robots":{"index":"noindex","follow":"follow"},"og_locale":"es_ES","og_type":"article","og_title":"Pol\u00edtica de Cookies","og_description":"Pol\u00edtica de Cookies Esta web utiliza cookies de terceros para analizar la navegaci\u00f3n del usuario. Con la mera navegaci\u00f3n (con el navegador habilitado para aceptar cookies), el usuario acepta la instalaci\u00f3n de cookies, salvo que se oponga, seg\u00fan se detalla en esta Pol\u00edtica de Cookies.La presente pol\u00edtica tiene como a fin informarle de manera clara [&hellip;]","og_url":"https:\/\/canpasserells.com\/politica-de-cookies\/","og_site_name":"Can Passerells","article_modified_time":"2024-07-16T07:28:35+00:00","twitter_card":"summary_large_image","twitter_misc":{"Tiempo de lectura":"2 minutos"},"schema":{"@context":"https:\/\/schema.org","@graph":[{"@type":"WebPage","@id":"https:\/\/canpasserells.com\/politica-de-cookies\/","url":"https:\/\/canpasserells.com\/politica-de-cookies\/","name":"Pol\u00edtica de Cookies - Can Passerells","isPartOf":{"@id":"https:\/\/canpasserells.com\/#website"},"datePublished":"2022-07-13T14:56:33+00:00","dateModified":"2024-07-16T07:28:35+00:00","breadcrumb":{"@id":"https:\/\/canpasserells.com\/politica-de-cookies\/#breadcrumb"},"inLanguage":"es","potentialAction":[{"@type":"ReadAction","target":["https:\/\/canpasserells.com\/politica-de-cookies\/"]}]},{"@type":"BreadcrumbList","@id":"https:\/\/canpasserells.com\/politica-de-cookies\/#breadcrumb","itemListElement":[{"@type":"ListItem","position":1,"name":"Home","item":"https:\/\/canpasserells.com\/"},{"@type":"ListItem","position":2,"name":"Pol\u00edtica de Cookies"}]},{"@type":"WebSite","@id":"https:\/\/canpasserells.com\/#website","url":"https:\/\/canpasserells.com\/","name":"Can Passerells","description":"","publisher":{"@id":"https:\/\/canpasserells.com\/#organization"},"potentialAction":[{"@type":"SearchAction","target":{"@type":"EntryPoint","urlTemplate":"https:\/\/canpasserells.com\/?s={search_term_string}"},"query-input":{"@type":"PropertyValueSpecification","valueRequired":true,"valueName":"search_term_string"}}],"inLanguage":"es"},{"@type":"Organization","@id":"https:\/\/canpasserells.com\/#organization","name":"Can Passerells","url":"https:\/\/canpasserells.com\/","logo":{"@type":"ImageObject","inLanguage":"es","@id":"https:\/\/canpasserells.com\/#\/schema\/logo\/image\/","url":"https:\/\/canpasserells.com\/wp-content\/uploads\/2022\/07\/Can-Passerells.webp","contentUrl":"https:\/\/canpasserells.com\/wp-content\/uploads\/2022\/07\/Can-Passerells.webp","width":300,"height":140,"caption":"Can Passerells"},"image":{"@id":"https:\/\/canpasserells.com\/#\/schema\/logo\/image\/"}}]}},"_links":{"self":[{"href":"https:\/\/canpasserells.com\/es\/wp-json\/wp\/v2\/pages\/1134","targetHints":{"allow":["GET"]}}],"collection":[{"href":"https:\/\/canpasserells.com\/es\/wp-json\/wp\/v2\/pages"}],"about":[{"href":"https:\/\/canpasserells.com\/es\/wp-json\/wp\/v2\/types\/page"}],"author":[{"embeddable":true,"href":"https:\/\/canpasserells.com\/es\/wp-json\/wp\/v2\/users\/1"}],"replies":[{"embeddable":true,"href":"https:\/\/canpasserells.com\/es\/wp-json\/wp\/v2\/comments?post=1134"}],"version-history":[{"count":0,"href":"https:\/\/canpasserells.com\/es\/wp-json\/wp\/v2\/pages\/1134\/revisions"}],"wp:attachment":[{"href":"https:\/\/canpasserells.com\/es\/wp-json\/wp\/v2\/media?parent=1134"}],"curies":[{"name":"wp","href":"https:\/\/api.w.org\/{rel}","templated":true}]}}