{"id":1136,"date":"2022-07-13T17:06:42","date_gmt":"2022-07-13T15:06:42","guid":{"rendered":"https:\/\/canpasserells.com\/politica-de-cancelacion\/"},"modified":"2024-11-11T16:21:52","modified_gmt":"2024-11-11T15:21:52","slug":"politica-de-cancelacion","status":"publish","type":"page","link":"https:\/\/canpasserells.com\/es\/politica-de-cancelacion\/","title":{"rendered":"Pol\u00edtica de Cancelaci\u00f3n"},"content":{"rendered":"\t\t<div data-elementor-type=\"wp-page\" data-elementor-id=\"1136\" class=\"elementor elementor-1136 elementor-216\" data-elementor-post-type=\"page\">\n\t\t\t\t\t\t<section class=\"elementor-section elementor-top-section elementor-element elementor-element-bf7d193 elementor-section-boxed elementor-section-height-default elementor-section-height-default\" data-id=\"bf7d193\" data-element_type=\"section\" data-e-type=\"section\">\n\t\t\t\t\t\t<div class=\"elementor-container elementor-column-gap-default\">\n\t\t\t\t\t<div class=\"elementor-column elementor-col-100 elementor-top-column elementor-element elementor-element-da7c6a5\" data-id=\"da7c6a5\" data-element_type=\"column\" data-e-type=\"column\">\n\t\t\t<div class=\"elementor-widget-wrap elementor-element-populated\">\n\t\t\t\t\t\t<div class=\"elementor-element elementor-element-b7d67ba elementor-widget elementor-widget-heading\" data-id=\"b7d67ba\" data-element_type=\"widget\" data-e-type=\"widget\" data-widget_type=\"heading.default\">\n\t\t\t\t<div class=\"elementor-widget-container\">\n\t\t\t\t\t<h2 class=\"elementor-heading-title elementor-size-default\">Pol\u00edtica de Cancelaci\u00f3n<\/h2>\t\t\t\t<\/div>\n\t\t\t\t<\/div>\n\t\t\t\t<div class=\"elementor-element elementor-element-7a17482 elementor-widget-divider--view-line elementor-widget elementor-widget-divider\" data-id=\"7a17482\" data-element_type=\"widget\" data-e-type=\"widget\" data-widget_type=\"divider.default\">\n\t\t\t\t<div class=\"elementor-widget-container\">\n\t\t\t\t\t\t\t<div class=\"elementor-divider\">\n\t\t\t<span class=\"elementor-divider-separator\">\n\t\t\t\t\t\t<\/span>\n\t\t<\/div>\n\t\t\t\t\t\t<\/div>\n\t\t\t\t<\/div>\n\t\t\t\t<div class=\"elementor-element elementor-element-c2a5b41 elementor-widget elementor-widget-text-editor\" data-id=\"c2a5b41\" data-element_type=\"widget\" data-e-type=\"widget\" data-widget_type=\"text-editor.default\">\n\t\t\t\t<div class=\"elementor-widget-container\">\n\t\t\t\t\t\t\t\t\t<p>Este sitio web es propiedad de Can Passerells y se reserva todos los derechos de permitir el acceso a los usuarios del mismo. Los materiales informativos en \u00e9l contenidos podr\u00e1n ser modificados, ampliados, reducidos, actualizados o eliminados sin notificaci\u00f3n previa.<\/p>\n<p><strong>REGULACI\u00d3N JUR\u00cdDICA APLICABLE Y ORGANIZACI\u00d3N<\/strong><\/p>\n<p>Las partes que realizan el proceso de alquiler de habitaciones en Can Passerells, se someten expresamente a la jurisdicci\u00f3n de los tribunales de la ciudad correspondiente al domicilio social del organizador, para resolver todas las diferencias. La organizaci\u00f3n es Can Passerells, alojamiento rural o casa de colonias, con domicilio en la Calle Mas Torre Novelles, 08571, Vic, Barcelona.<\/p>\n<p><strong>ACEPTACI\u00d3N DE LAS CONDICIONES PERSONALES DE CAN PASSERELLS<\/strong><\/p>\n<p>El presente documento establece las condiciones generales de uso de los servicios prestados a trav\u00e9s de la p\u00e1gina web canpasserells.com. La empresa se reserva el derecho a modificar y actualizar peri\u00f3dicamente las condiciones, sin obligaci\u00f3n de comunicarlo previamente a los usuarios.<\/p>\n<p>Los usuarios que contratan los servicios a trav\u00e9s de la p\u00e1gina web canpasserells.com manifiestan ser mayores de edad (dieciocho a\u00f1os). En caso de duda, contacta con nosotros a trav\u00e9s del servicio de atenci\u00f3n al cliente canpasserells@gmail.com.<\/p>\n<p><strong>POL\u00cdTICA DE PAGO<\/strong><\/p>\n<p>Todos los pagos correspondientes al importe de la estancia ser\u00e1n efectuados mediante la pasarela de pago online habilitada por la parte empleadora en la p\u00e1gina web de canpasserells.com. La pasarela generar\u00e1 de forma autom\u00e1tica un importe de gastos de gesti\u00f3n que en todos los casos correr\u00e1 a cargo del cliente.<br \/>\nAlgunos de los servicios y\/o excursiones mostrados y ofrecidos por el organizador a trav\u00e9s de sus canales de venta podr\u00e1n pagarse en efectivo durante la estancia, siempre que lo indique.<\/p>\n<p>Si el cliente\/a no puede efectuar los pagos por el canal de pago, ser\u00e1 necesario que contacte con Atenci\u00f3n al Cliente para buscar formas alternativas para efectuar el pago. Podr\u00e1 ponerse en contacto con el equipo a trav\u00e9s del mail: canpasserells@gmail.com o utilizando el Whatsapp o la llamada al tel\u00e9fono +34 699 820 188 de Atenci\u00f3n al Cliente.<\/p>\n<p>En caso de efectuar alg\u00fan pago err\u00f3neo, tambi\u00e9n deber\u00e1 ponerse en contacto con Atenci\u00f3n al Cliente a trav\u00e9s del mail: canpasserells@gmail.com o utilizando el Whatsapp o la llamada al tel\u00e9fono +34 699 82 01 88 de Atenci\u00f3n al Cliente . En caso de no haber efectuado el pago durante el plazo de pago indicado por la organizaci\u00f3n, \u00e9sta no garantiza la reserva. En caso de no poder realizar el pago en el plazo establecido por razones justificables del participante puede dirigirse a la organizaci\u00f3n a trav\u00e9s del Whatsapp de Atenci\u00f3n al Cliente +34 699 820 188 y\/o a trav\u00e9s de nuestro correo electr\u00f3nico: canpasserells@ gmail.com. Se aconseja que se efect\u00fae la reserva\/seguro lo antes posible, ya que la casa tiene un aforo limitado.<\/p>\n<p><strong>SEGUROS Y CANCELACIONES<\/strong><\/p>\n<p>Alquiler de la casa:<\/p>\n<ul>\n<li>Pago del 20% para formalizar la reserva y del resto del alquiler es junto con la fianza 7 d\u00edas antes de la entrada de la casa por transferencia.<\/li>\n<li>Fianza de 1200 \u20ac.<\/li>\n<li>Si se cancela antes de dos meses del check in, se devuelve el importe cobrado. Si se cancela en menos de dos meses no se devuelve el importe ingresado.<\/li>\n<li>En caso de cancelar la reserva por enfermedad (debidamente justificada), se devolver\u00e1 el 100% del importe ingresado.<\/li>\n<\/ul>\n<p>&nbsp;<\/p>\n<p>Habitaciones:<\/p>\n<ul>\n<li>Si se cancela 7 d\u00edas antes, el retorno ser\u00e1 del 100%.<\/li>\n<li>Pasados \u200b\u200bestos d\u00edas no se devolver\u00e1 el dinero.<\/li>\n<\/ul>\n\t\t\t\t\t\t\t\t<\/div>\n\t\t\t\t<\/div>\n\t\t\t\t\t<\/div>\n\t\t<\/div>\n\t\t\t\t\t<\/div>\n\t\t<\/section>\n\t\t\t\t<\/div>\n\t\t","protected":false},"excerpt":{"rendered":"<p>Pol\u00edtica de Cancelaci\u00f3n Este sitio web es propiedad de Can Passerells y se reserva todos los derechos de permitir el acceso a los usuarios del mismo. Los materiales informativos en \u00e9l contenidos podr\u00e1n ser modificados, ampliados, reducidos, actualizados o eliminados sin notificaci\u00f3n previa. REGULACI\u00d3N JUR\u00cdDICA APLICABLE Y ORGANIZACI\u00d3N Las partes que realizan el proceso de [&hellip;]<\/p>\n","protected":false},"author":1,"featured_media":0,"parent":0,"menu_order":0,"comment_status":"closed","ping_status":"closed","template":"elementor_header_footer","meta":{"_joinchat":[],"footnotes":""},"class_list":["post-1136","page","type-page","status-publish","hentry"],"yoast_head":"<!-- This site is optimized with the Yoast SEO Premium plugin v27.2 (Yoast SEO v27.3) - https:\/\/yoast.com\/product\/yoast-seo-premium-wordpress\/ -->\n<title>Pol\u00edtica de Cancelaci\u00f3n - Can Passerells<\/title>\n<meta name=\"robots\" content=\"noindex, follow\" \/>\n<meta property=\"og:locale\" content=\"es_ES\" \/>\n<meta property=\"og:type\" content=\"article\" \/>\n<meta property=\"og:title\" content=\"Pol\u00edtica de Cancelaci\u00f3n\" \/>\n<meta property=\"og:description\" content=\"Pol\u00edtica de Cancelaci\u00f3n Este sitio web es propiedad de Can Passerells y se reserva todos los derechos de permitir el acceso a los usuarios del mismo. Los materiales informativos en \u00e9l contenidos podr\u00e1n ser modificados, ampliados, reducidos, actualizados o eliminados sin notificaci\u00f3n previa. REGULACI\u00d3N JUR\u00cdDICA APLICABLE Y ORGANIZACI\u00d3N Las partes que realizan el proceso de [&hellip;]\" \/>\n<meta property=\"og:url\" content=\"https:\/\/canpasserells.com\/politica-de-cancel-lacio\/\" \/>\n<meta property=\"og:site_name\" content=\"Can Passerells\" \/>\n<meta property=\"article:modified_time\" content=\"2024-11-11T15:21:52+00:00\" \/>\n<meta name=\"twitter:card\" content=\"summary_large_image\" \/>\n<meta name=\"twitter:label1\" content=\"Tiempo de lectura\" \/>\n\t<meta name=\"twitter:data1\" content=\"3 minutos\" \/>\n<script type=\"application\/ld+json\" class=\"yoast-schema-graph\">{\"@context\":\"https:\\\/\\\/schema.org\",\"@graph\":[{\"@type\":\"WebPage\",\"@id\":\"https:\\\/\\\/canpasserells.com\\\/politica-de-cancel-lacio\\\/\",\"url\":\"https:\\\/\\\/canpasserells.com\\\/politica-de-cancel-lacio\\\/\",\"name\":\"Pol\u00edtica de Cancelaci\u00f3n - Can Passerells\",\"isPartOf\":{\"@id\":\"https:\\\/\\\/canpasserells.com\\\/#website\"},\"datePublished\":\"2022-07-13T15:06:42+00:00\",\"dateModified\":\"2024-11-11T15:21:52+00:00\",\"breadcrumb\":{\"@id\":\"https:\\\/\\\/canpasserells.com\\\/politica-de-cancel-lacio\\\/#breadcrumb\"},\"inLanguage\":\"es\",\"potentialAction\":[{\"@type\":\"ReadAction\",\"target\":[\"https:\\\/\\\/canpasserells.com\\\/politica-de-cancel-lacio\\\/\"]}]},{\"@type\":\"BreadcrumbList\",\"@id\":\"https:\\\/\\\/canpasserells.com\\\/politica-de-cancel-lacio\\\/#breadcrumb\",\"itemListElement\":[{\"@type\":\"ListItem\",\"position\":1,\"name\":\"Home\",\"item\":\"https:\\\/\\\/canpasserells.com\\\/\"},{\"@type\":\"ListItem\",\"position\":2,\"name\":\"Pol\u00edtica de Cancelaci\u00f3n\"}]},{\"@type\":\"WebSite\",\"@id\":\"https:\\\/\\\/canpasserells.com\\\/#website\",\"url\":\"https:\\\/\\\/canpasserells.com\\\/\",\"name\":\"Can Passerells\",\"description\":\"\",\"publisher\":{\"@id\":\"https:\\\/\\\/canpasserells.com\\\/#organization\"},\"potentialAction\":[{\"@type\":\"SearchAction\",\"target\":{\"@type\":\"EntryPoint\",\"urlTemplate\":\"https:\\\/\\\/canpasserells.com\\\/?s={search_term_string}\"},\"query-input\":{\"@type\":\"PropertyValueSpecification\",\"valueRequired\":true,\"valueName\":\"search_term_string\"}}],\"inLanguage\":\"es\"},{\"@type\":\"Organization\",\"@id\":\"https:\\\/\\\/canpasserells.com\\\/#organization\",\"name\":\"Can Passerells\",\"url\":\"https:\\\/\\\/canpasserells.com\\\/\",\"logo\":{\"@type\":\"ImageObject\",\"inLanguage\":\"es\",\"@id\":\"https:\\\/\\\/canpasserells.com\\\/#\\\/schema\\\/logo\\\/image\\\/\",\"url\":\"https:\\\/\\\/canpasserells.com\\\/wp-content\\\/uploads\\\/2022\\\/07\\\/Can-Passerells.webp\",\"contentUrl\":\"https:\\\/\\\/canpasserells.com\\\/wp-content\\\/uploads\\\/2022\\\/07\\\/Can-Passerells.webp\",\"width\":300,\"height\":140,\"caption\":\"Can Passerells\"},\"image\":{\"@id\":\"https:\\\/\\\/canpasserells.com\\\/#\\\/schema\\\/logo\\\/image\\\/\"}}]}<\/script>\n<!-- \/ Yoast SEO Premium plugin. -->","yoast_head_json":{"title":"Pol\u00edtica de Cancelaci\u00f3n - Can Passerells","robots":{"index":"noindex","follow":"follow"},"og_locale":"es_ES","og_type":"article","og_title":"Pol\u00edtica de Cancelaci\u00f3n","og_description":"Pol\u00edtica de Cancelaci\u00f3n Este sitio web es propiedad de Can Passerells y se reserva todos los derechos de permitir el acceso a los usuarios del mismo. Los materiales informativos en \u00e9l contenidos podr\u00e1n ser modificados, ampliados, reducidos, actualizados o eliminados sin notificaci\u00f3n previa. REGULACI\u00d3N JUR\u00cdDICA APLICABLE Y ORGANIZACI\u00d3N Las partes que realizan el proceso de [&hellip;]","og_url":"https:\/\/canpasserells.com\/politica-de-cancel-lacio\/","og_site_name":"Can Passerells","article_modified_time":"2024-11-11T15:21:52+00:00","twitter_card":"summary_large_image","twitter_misc":{"Tiempo de lectura":"3 minutos"},"schema":{"@context":"https:\/\/schema.org","@graph":[{"@type":"WebPage","@id":"https:\/\/canpasserells.com\/politica-de-cancel-lacio\/","url":"https:\/\/canpasserells.com\/politica-de-cancel-lacio\/","name":"Pol\u00edtica de Cancelaci\u00f3n - Can Passerells","isPartOf":{"@id":"https:\/\/canpasserells.com\/#website"},"datePublished":"2022-07-13T15:06:42+00:00","dateModified":"2024-11-11T15:21:52+00:00","breadcrumb":{"@id":"https:\/\/canpasserells.com\/politica-de-cancel-lacio\/#breadcrumb"},"inLanguage":"es","potentialAction":[{"@type":"ReadAction","target":["https:\/\/canpasserells.com\/politica-de-cancel-lacio\/"]}]},{"@type":"BreadcrumbList","@id":"https:\/\/canpasserells.com\/politica-de-cancel-lacio\/#breadcrumb","itemListElement":[{"@type":"ListItem","position":1,"name":"Home","item":"https:\/\/canpasserells.com\/"},{"@type":"ListItem","position":2,"name":"Pol\u00edtica de Cancelaci\u00f3n"}]},{"@type":"WebSite","@id":"https:\/\/canpasserells.com\/#website","url":"https:\/\/canpasserells.com\/","name":"Can Passerells","description":"","publisher":{"@id":"https:\/\/canpasserells.com\/#organization"},"potentialAction":[{"@type":"SearchAction","target":{"@type":"EntryPoint","urlTemplate":"https:\/\/canpasserells.com\/?s={search_term_string}"},"query-input":{"@type":"PropertyValueSpecification","valueRequired":true,"valueName":"search_term_string"}}],"inLanguage":"es"},{"@type":"Organization","@id":"https:\/\/canpasserells.com\/#organization","name":"Can Passerells","url":"https:\/\/canpasserells.com\/","logo":{"@type":"ImageObject","inLanguage":"es","@id":"https:\/\/canpasserells.com\/#\/schema\/logo\/image\/","url":"https:\/\/canpasserells.com\/wp-content\/uploads\/2022\/07\/Can-Passerells.webp","contentUrl":"https:\/\/canpasserells.com\/wp-content\/uploads\/2022\/07\/Can-Passerells.webp","width":300,"height":140,"caption":"Can Passerells"},"image":{"@id":"https:\/\/canpasserells.com\/#\/schema\/logo\/image\/"}}]}},"_links":{"self":[{"href":"https:\/\/canpasserells.com\/es\/wp-json\/wp\/v2\/pages\/1136","targetHints":{"allow":["GET"]}}],"collection":[{"href":"https:\/\/canpasserells.com\/es\/wp-json\/wp\/v2\/pages"}],"about":[{"href":"https:\/\/canpasserells.com\/es\/wp-json\/wp\/v2\/types\/page"}],"author":[{"embeddable":true,"href":"https:\/\/canpasserells.com\/es\/wp-json\/wp\/v2\/users\/1"}],"replies":[{"embeddable":true,"href":"https:\/\/canpasserells.com\/es\/wp-json\/wp\/v2\/comments?post=1136"}],"version-history":[{"count":0,"href":"https:\/\/canpasserells.com\/es\/wp-json\/wp\/v2\/pages\/1136\/revisions"}],"wp:attachment":[{"href":"https:\/\/canpasserells.com\/es\/wp-json\/wp\/v2\/media?parent=1136"}],"curies":[{"name":"wp","href":"https:\/\/api.w.org\/{rel}","templated":true}]}}