{"id":1138,"date":"2022-07-13T17:03:07","date_gmt":"2022-07-13T15:03:07","guid":{"rendered":"https:\/\/canpasserells.com\/condiciones-de-uso\/"},"modified":"2024-07-16T09:28:02","modified_gmt":"2024-07-16T07:28:02","slug":"condiciones-de-uso","status":"publish","type":"page","link":"https:\/\/canpasserells.com\/es\/condiciones-de-uso\/","title":{"rendered":"Condiciones de Uso"},"content":{"rendered":"\t\t<div data-elementor-type=\"wp-page\" data-elementor-id=\"1138\" class=\"elementor elementor-1138 elementor-207\" data-elementor-post-type=\"page\">\n\t\t\t\t\t\t<section class=\"elementor-section elementor-top-section elementor-element elementor-element-9d5ef8f elementor-section-boxed elementor-section-height-default elementor-section-height-default\" data-id=\"9d5ef8f\" data-element_type=\"section\" data-e-type=\"section\">\n\t\t\t\t\t\t<div class=\"elementor-container elementor-column-gap-default\">\n\t\t\t\t\t<div class=\"elementor-column elementor-col-100 elementor-top-column elementor-element elementor-element-3225255\" data-id=\"3225255\" data-element_type=\"column\" data-e-type=\"column\">\n\t\t\t<div class=\"elementor-widget-wrap elementor-element-populated\">\n\t\t\t\t\t\t<div class=\"elementor-element elementor-element-dc7480e elementor-widget elementor-widget-heading\" data-id=\"dc7480e\" data-element_type=\"widget\" data-e-type=\"widget\" data-widget_type=\"heading.default\">\n\t\t\t\t<div class=\"elementor-widget-container\">\n\t\t\t\t\t<h2 class=\"elementor-heading-title elementor-size-default\">Condiciones de Uso<\/h2>\t\t\t\t<\/div>\n\t\t\t\t<\/div>\n\t\t\t\t<div class=\"elementor-element elementor-element-f8779e2 elementor-widget-divider--view-line elementor-widget elementor-widget-divider\" data-id=\"f8779e2\" data-element_type=\"widget\" data-e-type=\"widget\" data-widget_type=\"divider.default\">\n\t\t\t\t<div class=\"elementor-widget-container\">\n\t\t\t\t\t\t\t<div class=\"elementor-divider\">\n\t\t\t<span class=\"elementor-divider-separator\">\n\t\t\t\t\t\t<\/span>\n\t\t<\/div>\n\t\t\t\t\t\t<\/div>\n\t\t\t\t<\/div>\n\t\t\t\t<div class=\"elementor-element elementor-element-3c1dc43 elementor-widget elementor-widget-text-editor\" data-id=\"3c1dc43\" data-element_type=\"widget\" data-e-type=\"widget\" data-widget_type=\"text-editor.default\">\n\t\t\t\t<div class=\"elementor-widget-container\">\n\t\t\t\t\t\t\t\t\t<p>Este sitio web es propiedad de Can Passerells y se reserva todos los derechos de permitir el acceso a los usuarios del mismo. Los materiales informativos en \u00e9l contenidos, podr\u00e1n ser modificados, ampliados, reducidos, actualizados o eliminados sin notificaci\u00f3n previa.<\/p>\n<p>\u00a0<\/p>\n<p><strong>LIMITACIONES DE USO<\/strong><\/p >\n<p>El usuario que utilice este sitio web, lo hace por su propia cuenta y riesgo. Can Passerells, sus socios, colaboradores, no se responsabilizan de los errores u omisiones por los que pudieran enfermar los contenidos de este sitio web u otros contenidos a los que se pueda acceder a trav\u00e9s del mismo, ni por cualquier actuaci\u00f3n ejecutada sobre la misma base de la informaci\u00f3n que en \u00e9l se facilita.<br \/>Can Passerells, no responde por los da\u00f1os y perjuicios que pudieran derivarse de interrupciones, aver\u00edas telef\u00f3nicas o desconexiones en el funcionamiento operativo de este sistema electr\u00f3nico motivadas por causas ajenas a Can Pardillos, de retrasos o bloqueos en el uso del presente sistema electr\u00f3nico causados por deficiencias o sobrecargas de l\u00edneas telef\u00f3nicas o sobrecargas en el sistema de Internet o en otros sistemas electr\u00f3nicos, as\u00ed como de da\u00f1os que puedan ser causados por terceras personas mediante intromisiones il \u00b7leg\u00edtimas fuera del control de Can Passerells.<\/p>\n<p><strong>DERECHOS DE PROPIEDAD INTELECTUAL<\/strong><\/p>\n<p>Todos los elementos integrantes de esta website son meramente informativos y propiedad de Can Passerells, o en determinados casos posee los derechos de reproducci\u00f3n, estando estos sujetos a la legislaci\u00f3n de protecci\u00f3n de derechos de la propiedad intelectual e industrial que el usuario debe respetar. Igualmente, todos los nombres comerciales, marcas o signos distintivos de cualquier clase contenidos en la p\u00e1gina web de Can Passerells, est\u00e1n protegidos por ley.<br \/>El usuario reconoce que los derechos de la propiedad intelectual sobre esta p\u00e1gina web, su dise\u00f1o gr\u00e1fico y c\u00f3digos, son titularidad de Can Passerells, salvo que en la misma se indique titularidad distinta. La reproducci\u00f3n, distribuci\u00f3n, comercializaci\u00f3n o transformaci\u00f3n no autorizadas de tales obras, salvo para uso personal y privado, constituye una infracci\u00f3n de los derechos de propiedad intelectual de Can Passerells, o del titular de \u00e9stos. Estos actos de explotaci\u00f3n s\u00f3lo podr\u00e1n ser realizados mediante autorizaci\u00f3n expresa de Can Passerells y siempre que se haga referencia expl\u00edcita a la titularidad de Can Passerells de los indicados derechos de propiedad intelectual.<\/P><\/p>\n\t\t\t\t\t\t\t\t<\/div>\n\t\t\t\t<\/div>\n\t\t\t\t\t<\/div>\n\t\t<\/div>\n\t\t\t\t\t<\/div>\n\t\t<\/section>\n\t\t\t\t<\/div>\n\t\t","protected":false},"excerpt":{"rendered":"<p>Condiciones de Uso Este sitio web es propiedad de Can Passerells y se reserva todos los derechos de permitir el acceso a los usuarios del mismo. Los materiales informativos en \u00e9l contenidos, podr\u00e1n ser modificados, ampliados, reducidos, actualizados o eliminados sin notificaci\u00f3n previa. \u00a0 LIMITACIONES DE USO El usuario que utilice este sitio web, lo [&hellip;]<\/p>\n","protected":false},"author":1,"featured_media":0,"parent":0,"menu_order":0,"comment_status":"closed","ping_status":"closed","template":"elementor_header_footer","meta":{"_joinchat":[],"footnotes":""},"class_list":["post-1138","page","type-page","status-publish","hentry"],"yoast_head":"<!-- This site is optimized with the Yoast SEO Premium plugin v27.2 (Yoast SEO v27.3) - https:\/\/yoast.com\/product\/yoast-seo-premium-wordpress\/ -->\n<title>Condiciones de Uso - Can Passerells<\/title>\n<meta name=\"robots\" content=\"noindex, follow\" \/>\n<meta property=\"og:locale\" content=\"es_ES\" \/>\n<meta property=\"og:type\" content=\"article\" \/>\n<meta property=\"og:title\" content=\"Condiciones de Uso\" \/>\n<meta property=\"og:description\" content=\"Condiciones de Uso Este sitio web es propiedad de Can Passerells y se reserva todos los derechos de permitir el acceso a los usuarios del mismo. Los materiales informativos en \u00e9l contenidos, podr\u00e1n ser modificados, ampliados, reducidos, actualizados o eliminados sin notificaci\u00f3n previa. \u00a0 LIMITACIONES DE USO El usuario que utilice este sitio web, lo [&hellip;]\" \/>\n<meta property=\"og:url\" content=\"https:\/\/canpasserells.com\/condicions-dus\/\" \/>\n<meta property=\"og:site_name\" content=\"Can Passerells\" \/>\n<meta property=\"article:modified_time\" content=\"2024-07-16T07:28:02+00:00\" \/>\n<meta name=\"twitter:card\" content=\"summary_large_image\" \/>\n<meta name=\"twitter:label1\" content=\"Tiempo de lectura\" \/>\n\t<meta name=\"twitter:data1\" content=\"2 minutos\" \/>\n<script type=\"application\/ld+json\" class=\"yoast-schema-graph\">{\"@context\":\"https:\\\/\\\/schema.org\",\"@graph\":[{\"@type\":\"WebPage\",\"@id\":\"https:\\\/\\\/canpasserells.com\\\/condicions-dus\\\/\",\"url\":\"https:\\\/\\\/canpasserells.com\\\/condicions-dus\\\/\",\"name\":\"Condiciones de Uso - Can Passerells\",\"isPartOf\":{\"@id\":\"https:\\\/\\\/canpasserells.com\\\/#website\"},\"datePublished\":\"2022-07-13T15:03:07+00:00\",\"dateModified\":\"2024-07-16T07:28:02+00:00\",\"breadcrumb\":{\"@id\":\"https:\\\/\\\/canpasserells.com\\\/condicions-dus\\\/#breadcrumb\"},\"inLanguage\":\"es\",\"potentialAction\":[{\"@type\":\"ReadAction\",\"target\":[\"https:\\\/\\\/canpasserells.com\\\/condicions-dus\\\/\"]}]},{\"@type\":\"BreadcrumbList\",\"@id\":\"https:\\\/\\\/canpasserells.com\\\/condicions-dus\\\/#breadcrumb\",\"itemListElement\":[{\"@type\":\"ListItem\",\"position\":1,\"name\":\"Home\",\"item\":\"https:\\\/\\\/canpasserells.com\\\/\"},{\"@type\":\"ListItem\",\"position\":2,\"name\":\"Condiciones de Uso\"}]},{\"@type\":\"WebSite\",\"@id\":\"https:\\\/\\\/canpasserells.com\\\/#website\",\"url\":\"https:\\\/\\\/canpasserells.com\\\/\",\"name\":\"Can Passerells\",\"description\":\"\",\"publisher\":{\"@id\":\"https:\\\/\\\/canpasserells.com\\\/#organization\"},\"potentialAction\":[{\"@type\":\"SearchAction\",\"target\":{\"@type\":\"EntryPoint\",\"urlTemplate\":\"https:\\\/\\\/canpasserells.com\\\/?s={search_term_string}\"},\"query-input\":{\"@type\":\"PropertyValueSpecification\",\"valueRequired\":true,\"valueName\":\"search_term_string\"}}],\"inLanguage\":\"es\"},{\"@type\":\"Organization\",\"@id\":\"https:\\\/\\\/canpasserells.com\\\/#organization\",\"name\":\"Can Passerells\",\"url\":\"https:\\\/\\\/canpasserells.com\\\/\",\"logo\":{\"@type\":\"ImageObject\",\"inLanguage\":\"es\",\"@id\":\"https:\\\/\\\/canpasserells.com\\\/#\\\/schema\\\/logo\\\/image\\\/\",\"url\":\"https:\\\/\\\/canpasserells.com\\\/wp-content\\\/uploads\\\/2022\\\/07\\\/Can-Passerells.webp\",\"contentUrl\":\"https:\\\/\\\/canpasserells.com\\\/wp-content\\\/uploads\\\/2022\\\/07\\\/Can-Passerells.webp\",\"width\":300,\"height\":140,\"caption\":\"Can Passerells\"},\"image\":{\"@id\":\"https:\\\/\\\/canpasserells.com\\\/#\\\/schema\\\/logo\\\/image\\\/\"}}]}<\/script>\n<!-- \/ Yoast SEO Premium plugin. -->","yoast_head_json":{"title":"Condiciones de Uso - Can Passerells","robots":{"index":"noindex","follow":"follow"},"og_locale":"es_ES","og_type":"article","og_title":"Condiciones de Uso","og_description":"Condiciones de Uso Este sitio web es propiedad de Can Passerells y se reserva todos los derechos de permitir el acceso a los usuarios del mismo. Los materiales informativos en \u00e9l contenidos, podr\u00e1n ser modificados, ampliados, reducidos, actualizados o eliminados sin notificaci\u00f3n previa. \u00a0 LIMITACIONES DE USO El usuario que utilice este sitio web, lo [&hellip;]","og_url":"https:\/\/canpasserells.com\/condicions-dus\/","og_site_name":"Can Passerells","article_modified_time":"2024-07-16T07:28:02+00:00","twitter_card":"summary_large_image","twitter_misc":{"Tiempo de lectura":"2 minutos"},"schema":{"@context":"https:\/\/schema.org","@graph":[{"@type":"WebPage","@id":"https:\/\/canpasserells.com\/condicions-dus\/","url":"https:\/\/canpasserells.com\/condicions-dus\/","name":"Condiciones de Uso - Can Passerells","isPartOf":{"@id":"https:\/\/canpasserells.com\/#website"},"datePublished":"2022-07-13T15:03:07+00:00","dateModified":"2024-07-16T07:28:02+00:00","breadcrumb":{"@id":"https:\/\/canpasserells.com\/condicions-dus\/#breadcrumb"},"inLanguage":"es","potentialAction":[{"@type":"ReadAction","target":["https:\/\/canpasserells.com\/condicions-dus\/"]}]},{"@type":"BreadcrumbList","@id":"https:\/\/canpasserells.com\/condicions-dus\/#breadcrumb","itemListElement":[{"@type":"ListItem","position":1,"name":"Home","item":"https:\/\/canpasserells.com\/"},{"@type":"ListItem","position":2,"name":"Condiciones de Uso"}]},{"@type":"WebSite","@id":"https:\/\/canpasserells.com\/#website","url":"https:\/\/canpasserells.com\/","name":"Can Passerells","description":"","publisher":{"@id":"https:\/\/canpasserells.com\/#organization"},"potentialAction":[{"@type":"SearchAction","target":{"@type":"EntryPoint","urlTemplate":"https:\/\/canpasserells.com\/?s={search_term_string}"},"query-input":{"@type":"PropertyValueSpecification","valueRequired":true,"valueName":"search_term_string"}}],"inLanguage":"es"},{"@type":"Organization","@id":"https:\/\/canpasserells.com\/#organization","name":"Can Passerells","url":"https:\/\/canpasserells.com\/","logo":{"@type":"ImageObject","inLanguage":"es","@id":"https:\/\/canpasserells.com\/#\/schema\/logo\/image\/","url":"https:\/\/canpasserells.com\/wp-content\/uploads\/2022\/07\/Can-Passerells.webp","contentUrl":"https:\/\/canpasserells.com\/wp-content\/uploads\/2022\/07\/Can-Passerells.webp","width":300,"height":140,"caption":"Can Passerells"},"image":{"@id":"https:\/\/canpasserells.com\/#\/schema\/logo\/image\/"}}]}},"_links":{"self":[{"href":"https:\/\/canpasserells.com\/es\/wp-json\/wp\/v2\/pages\/1138","targetHints":{"allow":["GET"]}}],"collection":[{"href":"https:\/\/canpasserells.com\/es\/wp-json\/wp\/v2\/pages"}],"about":[{"href":"https:\/\/canpasserells.com\/es\/wp-json\/wp\/v2\/types\/page"}],"author":[{"embeddable":true,"href":"https:\/\/canpasserells.com\/es\/wp-json\/wp\/v2\/users\/1"}],"replies":[{"embeddable":true,"href":"https:\/\/canpasserells.com\/es\/wp-json\/wp\/v2\/comments?post=1138"}],"version-history":[{"count":0,"href":"https:\/\/canpasserells.com\/es\/wp-json\/wp\/v2\/pages\/1138\/revisions"}],"wp:attachment":[{"href":"https:\/\/canpasserells.com\/es\/wp-json\/wp\/v2\/media?parent=1138"}],"curies":[{"name":"wp","href":"https:\/\/api.w.org\/{rel}","templated":true}]}}